{"id":5029,"date":"2026-02-20T13:12:25","date_gmt":"2026-02-20T13:12:25","guid":{"rendered":"https:\/\/janroz.com.tr\/?post_type=product&#038;p=5029"},"modified":"2026-02-20T13:13:16","modified_gmt":"2026-02-20T13:13:16","slug":"janroz-2026-ozel-tasarim-gelinlik-17","status":"publish","type":"product","link":"https:\/\/janroz.com.tr\/en\/product\/janroz-2026-ozel-tasarim-gelinlik-17\/","title":{"rendered":"Janroz 2026 \u00d6zel Tasar\u0131m Gelinlik"},"content":{"rendered":"<h1>Janroz 2026 \u00d6zel Tasar\u0131m Gelinlik<\/h1>","protected":false},"excerpt":{"rendered":"<p>Janroz 2026 \u00d6zel Tasar\u0131m Gelinlik<\/p>","protected":false},"featured_media":5031,"template":"","meta":{"inline_featured_image":false},"product_cat":[15,87,66,67],"product_tag":[],"class_list":["post-5029","product","type-product","status-publish","has-post-thumbnail","hentry","product_cat-magaza","product_cat-2026-gelinlik-modelleri","product_cat-a-prenses","product_cat-prenses"],"jetpack_sharing_enabled":true,"_links":{"self":[{"href":"https:\/\/janroz.com.tr\/en\/wp-json\/wp\/v2\/product\/5029"}],"collection":[{"href":"https:\/\/janroz.com.tr\/en\/wp-json\/wp\/v2\/product"}],"about":[{"href":"https:\/\/janroz.com.tr\/en\/wp-json\/wp\/v2\/types\/product"}],"version-history":[{"count":1,"href":"https:\/\/janroz.com.tr\/en\/wp-json\/wp\/v2\/product\/5029\/revisions"}],"predecessor-version":[{"id":5033,"href":"https:\/\/janroz.com.tr\/en\/wp-json\/wp\/v2\/product\/5029\/revisions\/5033"}],"wp:featuredmedia":[{"embeddable":true,"href":"https:\/\/janroz.com.tr\/en\/wp-json\/wp\/v2\/media\/5031"}],"wp:attachment":[{"href":"https:\/\/janroz.com.tr\/en\/wp-json\/wp\/v2\/media?parent=5029"}],"wp:term":[{"taxonomy":"product_cat","embeddable":true,"href":"https:\/\/janroz.com.tr\/en\/wp-json\/wp\/v2\/product_cat?post=5029"},{"taxonomy":"product_tag","embeddable":true,"href":"https:\/\/janroz.com.tr\/en\/wp-json\/wp\/v2\/product_tag?post=5029"}],"curies":[{"name":"wp","href":"https:\/\/api.w.org\/{rel}","templated":true}]}}