{"id":4963,"date":"2026-02-20T12:59:09","date_gmt":"2026-02-20T12:59:09","guid":{"rendered":"https:\/\/janroz.com.tr\/?post_type=product&#038;p=4963"},"modified":"2026-02-20T13:00:26","modified_gmt":"2026-02-20T13:00:26","slug":"janroz-2026-ozel-tasarim-gelinlik-kopya","status":"publish","type":"product","link":"https:\/\/janroz.com.tr\/en\/product\/janroz-2026-ozel-tasarim-gelinlik-kopya\/","title":{"rendered":"Janroz 2026 \u00d6zel Tasar\u0131m Gelinlik"},"content":{"rendered":"<h1>Janroz 2026 \u00d6zel Tasar\u0131m Gelinlik<\/h1>","protected":false},"excerpt":{"rendered":"<p>Janroz 2026 \u00d6zel Tasar\u0131m Gelinlik<\/p>","protected":false},"featured_media":4964,"template":"","meta":{"inline_featured_image":false},"product_cat":[15,87,66,67],"product_tag":[],"class_list":["post-4963","product","type-product","status-publish","has-post-thumbnail","hentry","product_cat-magaza","product_cat-2026-gelinlik-modelleri","product_cat-a-prenses","product_cat-prenses"],"jetpack_sharing_enabled":true,"_links":{"self":[{"href":"https:\/\/janroz.com.tr\/en\/wp-json\/wp\/v2\/product\/4963"}],"collection":[{"href":"https:\/\/janroz.com.tr\/en\/wp-json\/wp\/v2\/product"}],"about":[{"href":"https:\/\/janroz.com.tr\/en\/wp-json\/wp\/v2\/types\/product"}],"version-history":[{"count":2,"href":"https:\/\/janroz.com.tr\/en\/wp-json\/wp\/v2\/product\/4963\/revisions"}],"predecessor-version":[{"id":4970,"href":"https:\/\/janroz.com.tr\/en\/wp-json\/wp\/v2\/product\/4963\/revisions\/4970"}],"wp:featuredmedia":[{"embeddable":true,"href":"https:\/\/janroz.com.tr\/en\/wp-json\/wp\/v2\/media\/4964"}],"wp:attachment":[{"href":"https:\/\/janroz.com.tr\/en\/wp-json\/wp\/v2\/media?parent=4963"}],"wp:term":[{"taxonomy":"product_cat","embeddable":true,"href":"https:\/\/janroz.com.tr\/en\/wp-json\/wp\/v2\/product_cat?post=4963"},{"taxonomy":"product_tag","embeddable":true,"href":"https:\/\/janroz.com.tr\/en\/wp-json\/wp\/v2\/product_tag?post=4963"}],"curies":[{"name":"wp","href":"https:\/\/api.w.org\/{rel}","templated":true}]}}