{"id":4954,"date":"2026-02-20T12:57:58","date_gmt":"2026-02-20T12:57:58","guid":{"rendered":"https:\/\/janroz.com.tr\/?post_type=product&#038;p=4954"},"modified":"2026-02-20T12:58:54","modified_gmt":"2026-02-20T12:58:54","slug":"janroz-2026-ozel-tasarim-gelinlik-8","status":"publish","type":"product","link":"https:\/\/janroz.com.tr\/en\/product\/janroz-2026-ozel-tasarim-gelinlik-8\/","title":{"rendered":"Janroz 2026 \u00d6zel Tasar\u0131m Gelinlik"},"content":{"rendered":"<h1>Janroz 2026 \u00d6zel Tasar\u0131m Gelinlik<\/h1>","protected":false},"excerpt":{"rendered":"<p>Janroz 2026 \u00d6zel Tasar\u0131m Gelinlik<\/p>","protected":false},"featured_media":4958,"template":"","meta":{"inline_featured_image":false},"product_cat":[15,87,66,67],"product_tag":[],"class_list":["post-4954","product","type-product","status-publish","has-post-thumbnail","hentry","product_cat-magaza","product_cat-2026-gelinlik-modelleri","product_cat-a-prenses","product_cat-prenses"],"jetpack_sharing_enabled":true,"_links":{"self":[{"href":"https:\/\/janroz.com.tr\/en\/wp-json\/wp\/v2\/product\/4954"}],"collection":[{"href":"https:\/\/janroz.com.tr\/en\/wp-json\/wp\/v2\/product"}],"about":[{"href":"https:\/\/janroz.com.tr\/en\/wp-json\/wp\/v2\/types\/product"}],"version-history":[{"count":1,"href":"https:\/\/janroz.com.tr\/en\/wp-json\/wp\/v2\/product\/4954\/revisions"}],"predecessor-version":[{"id":4962,"href":"https:\/\/janroz.com.tr\/en\/wp-json\/wp\/v2\/product\/4954\/revisions\/4962"}],"wp:featuredmedia":[{"embeddable":true,"href":"https:\/\/janroz.com.tr\/en\/wp-json\/wp\/v2\/media\/4958"}],"wp:attachment":[{"href":"https:\/\/janroz.com.tr\/en\/wp-json\/wp\/v2\/media?parent=4954"}],"wp:term":[{"taxonomy":"product_cat","embeddable":true,"href":"https:\/\/janroz.com.tr\/en\/wp-json\/wp\/v2\/product_cat?post=4954"},{"taxonomy":"product_tag","embeddable":true,"href":"https:\/\/janroz.com.tr\/en\/wp-json\/wp\/v2\/product_tag?post=4954"}],"curies":[{"name":"wp","href":"https:\/\/api.w.org\/{rel}","templated":true}]}}