{"id":3968,"date":"2023-07-22T17:25:00","date_gmt":"2023-07-22T17:25:00","guid":{"rendered":"https:\/\/janroz.com.tr\/urun\/janroz-ozel-tasarim-gelinlik-2\/"},"modified":"2025-04-03T23:07:40","modified_gmt":"2025-04-03T23:07:40","slug":"janroz-ozel-tasarim-gelinlik-2","status":"publish","type":"product","link":"https:\/\/janroz.com.tr\/en\/product\/janroz-ozel-tasarim-gelinlik-2\/","title":{"rendered":"Janroz \u00d6zel Tasar\u0131m Gelinlik"},"content":{"rendered":"<p>Janroz \u00d6zel Tasar\u0131m Gelinlik<\/p>\n<p>&nbsp;<\/p>","protected":false},"excerpt":{"rendered":"<p>Janroz \u00d6zel Tasar\u0131m Gelinlik &nbsp;<\/p>","protected":false},"featured_media":3818,"template":"","meta":{"inline_featured_image":false},"product_cat":[15,66,67],"product_tag":[],"class_list":["post-3968","product","type-product","status-publish","has-post-thumbnail","hentry","product_cat-magaza","product_cat-a-prenses","product_cat-prenses"],"jetpack_sharing_enabled":true,"_links":{"self":[{"href":"https:\/\/janroz.com.tr\/en\/wp-json\/wp\/v2\/product\/3968"}],"collection":[{"href":"https:\/\/janroz.com.tr\/en\/wp-json\/wp\/v2\/product"}],"about":[{"href":"https:\/\/janroz.com.tr\/en\/wp-json\/wp\/v2\/types\/product"}],"version-history":[{"count":2,"href":"https:\/\/janroz.com.tr\/en\/wp-json\/wp\/v2\/product\/3968\/revisions"}],"predecessor-version":[{"id":4304,"href":"https:\/\/janroz.com.tr\/en\/wp-json\/wp\/v2\/product\/3968\/revisions\/4304"}],"wp:featuredmedia":[{"embeddable":true,"href":"https:\/\/janroz.com.tr\/en\/wp-json\/wp\/v2\/media\/3818"}],"wp:attachment":[{"href":"https:\/\/janroz.com.tr\/en\/wp-json\/wp\/v2\/media?parent=3968"}],"wp:term":[{"taxonomy":"product_cat","embeddable":true,"href":"https:\/\/janroz.com.tr\/en\/wp-json\/wp\/v2\/product_cat?post=3968"},{"taxonomy":"product_tag","embeddable":true,"href":"https:\/\/janroz.com.tr\/en\/wp-json\/wp\/v2\/product_tag?post=3968"}],"curies":[{"name":"wp","href":"https:\/\/api.w.org\/{rel}","templated":true}]}}