{"id":3964,"date":"2023-07-22T17:32:07","date_gmt":"2023-07-22T17:32:07","guid":{"rendered":"https:\/\/janroz.com.tr\/urun\/janroz-ozel-islemeli-gelinlik\/"},"modified":"2025-04-03T23:06:36","modified_gmt":"2025-04-03T23:06:36","slug":"janroz-ozel-islemeli-gelinlik-2","status":"publish","type":"product","link":"https:\/\/janroz.com.tr\/en\/product\/janroz-ozel-islemeli-gelinlik-2\/","title":{"rendered":"Janroz \u00d6zel \u0130\u015flemeli Gelinlik"},"content":{"rendered":"<p>Janroz \u00d6zel \u0130\u015flemeli Gelinlik<\/p>\n<p>&nbsp;<\/p>","protected":false},"excerpt":{"rendered":"<p>Janroz \u00d6zel \u0130\u015flemeli Gelinlik &nbsp;<\/p>","protected":false},"featured_media":3824,"template":"","meta":{"inline_featured_image":false},"product_cat":[15,66,73,68,76,72,74,75],"product_tag":[],"class_list":["post-3964","product","type-product","status-publish","has-post-thumbnail","hentry","product_cat-magaza","product_cat-a-prenses","product_cat-ankara-gelinlik-modelleri","product_cat-balik","product_cat-bursa-gelinlik-fiyatlari","product_cat-bursa-gelinlik-modelleri","product_cat-izmir-gelinlik-modelleri","product_cat-pendik-gelinlikciler"],"jetpack_sharing_enabled":true,"_links":{"self":[{"href":"https:\/\/janroz.com.tr\/en\/wp-json\/wp\/v2\/product\/3964"}],"collection":[{"href":"https:\/\/janroz.com.tr\/en\/wp-json\/wp\/v2\/product"}],"about":[{"href":"https:\/\/janroz.com.tr\/en\/wp-json\/wp\/v2\/types\/product"}],"version-history":[{"count":2,"href":"https:\/\/janroz.com.tr\/en\/wp-json\/wp\/v2\/product\/3964\/revisions"}],"predecessor-version":[{"id":4300,"href":"https:\/\/janroz.com.tr\/en\/wp-json\/wp\/v2\/product\/3964\/revisions\/4300"}],"wp:featuredmedia":[{"embeddable":true,"href":"https:\/\/janroz.com.tr\/en\/wp-json\/wp\/v2\/media\/3824"}],"wp:attachment":[{"href":"https:\/\/janroz.com.tr\/en\/wp-json\/wp\/v2\/media?parent=3964"}],"wp:term":[{"taxonomy":"product_cat","embeddable":true,"href":"https:\/\/janroz.com.tr\/en\/wp-json\/wp\/v2\/product_cat?post=3964"},{"taxonomy":"product_tag","embeddable":true,"href":"https:\/\/janroz.com.tr\/en\/wp-json\/wp\/v2\/product_tag?post=3964"}],"curies":[{"name":"wp","href":"https:\/\/api.w.org\/{rel}","templated":true}]}}