{"id":3519,"date":"2023-07-22T22:30:00","date_gmt":"2023-07-22T22:30:00","guid":{"rendered":"https:\/\/janroz.com.tr\/?post_type=product&#038;p=3519"},"modified":"2025-04-03T23:06:12","modified_gmt":"2025-04-03T23:06:12","slug":"janroz-cicek-islemeli-gelinlik-2","status":"publish","type":"product","link":"https:\/\/janroz.com.tr\/en\/product\/janroz-cicek-islemeli-gelinlik-2\/","title":{"rendered":"Janroz \u00c7i\u00e7ek \u0130\u015flemeli Gelinlik"},"content":{"rendered":"<p>Janroz \u00c7i\u00e7ek \u0130\u015flemeli Gelinlik<\/p>\n<p>&nbsp;<\/p>","protected":false},"excerpt":{"rendered":"<p>Janroz \u00c7i\u00e7ek \u0130\u015flemeli Gelinlik &nbsp;<\/p>","protected":false},"featured_media":3520,"template":"","meta":{"inline_featured_image":false},"product_cat":[15,73,68,76,72,74,75],"product_tag":[],"class_list":["post-3519","product","type-product","status-publish","has-post-thumbnail","hentry","product_cat-magaza","product_cat-ankara-gelinlik-modelleri","product_cat-balik","product_cat-bursa-gelinlik-fiyatlari","product_cat-bursa-gelinlik-modelleri","product_cat-izmir-gelinlik-modelleri","product_cat-pendik-gelinlikciler"],"jetpack_sharing_enabled":true,"_links":{"self":[{"href":"https:\/\/janroz.com.tr\/en\/wp-json\/wp\/v2\/product\/3519"}],"collection":[{"href":"https:\/\/janroz.com.tr\/en\/wp-json\/wp\/v2\/product"}],"about":[{"href":"https:\/\/janroz.com.tr\/en\/wp-json\/wp\/v2\/types\/product"}],"version-history":[{"count":1,"href":"https:\/\/janroz.com.tr\/en\/wp-json\/wp\/v2\/product\/3519\/revisions"}],"predecessor-version":[{"id":3526,"href":"https:\/\/janroz.com.tr\/en\/wp-json\/wp\/v2\/product\/3519\/revisions\/3526"}],"wp:featuredmedia":[{"embeddable":true,"href":"https:\/\/janroz.com.tr\/en\/wp-json\/wp\/v2\/media\/3520"}],"wp:attachment":[{"href":"https:\/\/janroz.com.tr\/en\/wp-json\/wp\/v2\/media?parent=3519"}],"wp:term":[{"taxonomy":"product_cat","embeddable":true,"href":"https:\/\/janroz.com.tr\/en\/wp-json\/wp\/v2\/product_cat?post=3519"},{"taxonomy":"product_tag","embeddable":true,"href":"https:\/\/janroz.com.tr\/en\/wp-json\/wp\/v2\/product_tag?post=3519"}],"curies":[{"name":"wp","href":"https:\/\/api.w.org\/{rel}","templated":true}]}}