{"id":3383,"date":"2023-07-22T18:21:39","date_gmt":"2023-07-22T18:21:39","guid":{"rendered":"https:\/\/janroz.com.tr\/?post_type=product&#038;p=3383"},"modified":"2025-04-03T23:06:28","modified_gmt":"2025-04-03T23:06:28","slug":"janroz-ozel-tasarim-madonna-yaka-gelinlik-2","status":"publish","type":"product","link":"https:\/\/janroz.com.tr\/en\/product\/janroz-ozel-tasarim-madonna-yaka-gelinlik-2\/","title":{"rendered":"Janroz \u00d6zel Tasar\u0131m Madonna Yaka Gelinlik"},"content":{"rendered":"<p>Janroz \u00d6zel Tasar\u0131m Madonna Yaka Gelinlik<\/p>\n<p>&nbsp;<\/p>","protected":false},"excerpt":{"rendered":"<p>Janroz \u00d6zel Tasar\u0131m Madonna Yaka Gelinlik &nbsp;<\/p>","protected":false},"featured_media":3384,"template":"","meta":{"inline_featured_image":false},"product_cat":[15,66,73,76,72,74,75],"product_tag":[],"class_list":["post-3383","product","type-product","status-publish","has-post-thumbnail","hentry","product_cat-magaza","product_cat-a-prenses","product_cat-ankara-gelinlik-modelleri","product_cat-bursa-gelinlik-fiyatlari","product_cat-bursa-gelinlik-modelleri","product_cat-izmir-gelinlik-modelleri","product_cat-pendik-gelinlikciler"],"jetpack_sharing_enabled":true,"_links":{"self":[{"href":"https:\/\/janroz.com.tr\/en\/wp-json\/wp\/v2\/product\/3383"}],"collection":[{"href":"https:\/\/janroz.com.tr\/en\/wp-json\/wp\/v2\/product"}],"about":[{"href":"https:\/\/janroz.com.tr\/en\/wp-json\/wp\/v2\/types\/product"}],"version-history":[{"count":1,"href":"https:\/\/janroz.com.tr\/en\/wp-json\/wp\/v2\/product\/3383\/revisions"}],"predecessor-version":[{"id":3386,"href":"https:\/\/janroz.com.tr\/en\/wp-json\/wp\/v2\/product\/3383\/revisions\/3386"}],"wp:featuredmedia":[{"embeddable":true,"href":"https:\/\/janroz.com.tr\/en\/wp-json\/wp\/v2\/media\/3384"}],"wp:attachment":[{"href":"https:\/\/janroz.com.tr\/en\/wp-json\/wp\/v2\/media?parent=3383"}],"wp:term":[{"taxonomy":"product_cat","embeddable":true,"href":"https:\/\/janroz.com.tr\/en\/wp-json\/wp\/v2\/product_cat?post=3383"},{"taxonomy":"product_tag","embeddable":true,"href":"https:\/\/janroz.com.tr\/en\/wp-json\/wp\/v2\/product_tag?post=3383"}],"curies":[{"name":"wp","href":"https:\/\/api.w.org\/{rel}","templated":true}]}}