{"id":3370,"date":"2023-07-22T18:15:13","date_gmt":"2023-07-22T18:15:13","guid":{"rendered":"https:\/\/janroz.com.tr\/?post_type=product&#038;p=3370"},"modified":"2025-04-03T23:06:33","modified_gmt":"2025-04-03T23:06:33","slug":"janroz-ozel-tasarim-2023-gelinlik","status":"publish","type":"product","link":"https:\/\/janroz.com.tr\/en\/product\/janroz-ozel-tasarim-2023-gelinlik\/","title":{"rendered":"Janroz \u00d6zel Tasar\u0131m 2023 Gelinlik"},"content":{"rendered":"<p>Janroz \u00d6zel Tasar\u0131m 2023 Gelinlik<\/p>\n<p>&nbsp;<\/p>","protected":false},"excerpt":{"rendered":"<p>Janroz \u00d6zel Tasar\u0131m 2023 Gelinlik &nbsp;<\/p>","protected":false},"featured_media":3371,"template":"","meta":{"inline_featured_image":false},"product_cat":[15,73,68,76,72,74,75],"product_tag":[],"class_list":["post-3370","product","type-product","status-publish","has-post-thumbnail","hentry","product_cat-magaza","product_cat-ankara-gelinlik-modelleri","product_cat-balik","product_cat-bursa-gelinlik-fiyatlari","product_cat-bursa-gelinlik-modelleri","product_cat-izmir-gelinlik-modelleri","product_cat-pendik-gelinlikciler"],"jetpack_sharing_enabled":true,"_links":{"self":[{"href":"https:\/\/janroz.com.tr\/en\/wp-json\/wp\/v2\/product\/3370"}],"collection":[{"href":"https:\/\/janroz.com.tr\/en\/wp-json\/wp\/v2\/product"}],"about":[{"href":"https:\/\/janroz.com.tr\/en\/wp-json\/wp\/v2\/types\/product"}],"version-history":[{"count":1,"href":"https:\/\/janroz.com.tr\/en\/wp-json\/wp\/v2\/product\/3370\/revisions"}],"predecessor-version":[{"id":3373,"href":"https:\/\/janroz.com.tr\/en\/wp-json\/wp\/v2\/product\/3370\/revisions\/3373"}],"wp:featuredmedia":[{"embeddable":true,"href":"https:\/\/janroz.com.tr\/en\/wp-json\/wp\/v2\/media\/3371"}],"wp:attachment":[{"href":"https:\/\/janroz.com.tr\/en\/wp-json\/wp\/v2\/media?parent=3370"}],"wp:term":[{"taxonomy":"product_cat","embeddable":true,"href":"https:\/\/janroz.com.tr\/en\/wp-json\/wp\/v2\/product_cat?post=3370"},{"taxonomy":"product_tag","embeddable":true,"href":"https:\/\/janroz.com.tr\/en\/wp-json\/wp\/v2\/product_tag?post=3370"}],"curies":[{"name":"wp","href":"https:\/\/api.w.org\/{rel}","templated":true}]}}