{"id":3361,"date":"2023-07-22T17:33:45","date_gmt":"2023-07-22T17:33:45","guid":{"rendered":"https:\/\/janroz.com.tr\/?post_type=product&#038;p=3361"},"modified":"2025-04-03T23:06:35","modified_gmt":"2025-04-03T23:06:35","slug":"janroz-ozel-tasarim-gelinlik-4","status":"publish","type":"product","link":"https:\/\/janroz.com.tr\/en\/product\/janroz-ozel-tasarim-gelinlik-4\/","title":{"rendered":"Janroz \u00d6zel Tasar\u0131m Gelinlik"},"content":{"rendered":"<p>Janroz \u00d6zel Tasar\u0131m Gelinlik<\/p>\n<p>&nbsp;<\/p>","protected":false},"excerpt":{"rendered":"<p>Janroz \u00d6zel Tasar\u0131m Gelinlik &nbsp;<\/p>","protected":false},"featured_media":3365,"template":"","meta":{"inline_featured_image":false},"product_cat":[15,66,73,76,72,74,75,67],"product_tag":[],"class_list":["post-3361","product","type-product","status-publish","has-post-thumbnail","hentry","product_cat-magaza","product_cat-a-prenses","product_cat-ankara-gelinlik-modelleri","product_cat-bursa-gelinlik-fiyatlari","product_cat-bursa-gelinlik-modelleri","product_cat-izmir-gelinlik-modelleri","product_cat-pendik-gelinlikciler","product_cat-prenses"],"jetpack_sharing_enabled":true,"_links":{"self":[{"href":"https:\/\/janroz.com.tr\/en\/wp-json\/wp\/v2\/product\/3361"}],"collection":[{"href":"https:\/\/janroz.com.tr\/en\/wp-json\/wp\/v2\/product"}],"about":[{"href":"https:\/\/janroz.com.tr\/en\/wp-json\/wp\/v2\/types\/product"}],"version-history":[{"count":1,"href":"https:\/\/janroz.com.tr\/en\/wp-json\/wp\/v2\/product\/3361\/revisions"}],"predecessor-version":[{"id":3366,"href":"https:\/\/janroz.com.tr\/en\/wp-json\/wp\/v2\/product\/3361\/revisions\/3366"}],"wp:featuredmedia":[{"embeddable":true,"href":"https:\/\/janroz.com.tr\/en\/wp-json\/wp\/v2\/media\/3365"}],"wp:attachment":[{"href":"https:\/\/janroz.com.tr\/en\/wp-json\/wp\/v2\/media?parent=3361"}],"wp:term":[{"taxonomy":"product_cat","embeddable":true,"href":"https:\/\/janroz.com.tr\/en\/wp-json\/wp\/v2\/product_cat?post=3361"},{"taxonomy":"product_tag","embeddable":true,"href":"https:\/\/janroz.com.tr\/en\/wp-json\/wp\/v2\/product_tag?post=3361"}],"curies":[{"name":"wp","href":"https:\/\/api.w.org\/{rel}","templated":true}]}}