{"id":3352,"date":"2023-07-22T17:30:10","date_gmt":"2023-07-22T17:30:10","guid":{"rendered":"https:\/\/janroz.com.tr\/?post_type=product&#038;p=3352"},"modified":"2025-04-03T23:06:38","modified_gmt":"2025-04-03T23:06:38","slug":"janroz-ozel-tasarim-gelinlik-3-2","status":"publish","type":"product","link":"https:\/\/janroz.com.tr\/en\/product\/janroz-ozel-tasarim-gelinlik-3-2\/","title":{"rendered":"Janroz \u00d6zel Tasar\u0131m Gelinlik"},"content":{"rendered":"<p>Janroz \u00d6zel Tasar\u0131m \u0130\u015flemeli Gelinlik<\/p>\n<p>&nbsp;<\/p>","protected":false},"excerpt":{"rendered":"<p>Janroz \u00d6zel Tasar\u0131m \u0130\u015flemeli Gelinlik &nbsp;<\/p>","protected":false},"featured_media":3353,"template":"","meta":{"inline_featured_image":false},"product_cat":[15,73,76,72,74,75,67],"product_tag":[],"class_list":["post-3352","product","type-product","status-publish","has-post-thumbnail","hentry","product_cat-magaza","product_cat-ankara-gelinlik-modelleri","product_cat-bursa-gelinlik-fiyatlari","product_cat-bursa-gelinlik-modelleri","product_cat-izmir-gelinlik-modelleri","product_cat-pendik-gelinlikciler","product_cat-prenses"],"jetpack_sharing_enabled":true,"_links":{"self":[{"href":"https:\/\/janroz.com.tr\/en\/wp-json\/wp\/v2\/product\/3352"}],"collection":[{"href":"https:\/\/janroz.com.tr\/en\/wp-json\/wp\/v2\/product"}],"about":[{"href":"https:\/\/janroz.com.tr\/en\/wp-json\/wp\/v2\/types\/product"}],"version-history":[{"count":1,"href":"https:\/\/janroz.com.tr\/en\/wp-json\/wp\/v2\/product\/3352\/revisions"}],"predecessor-version":[{"id":3354,"href":"https:\/\/janroz.com.tr\/en\/wp-json\/wp\/v2\/product\/3352\/revisions\/3354"}],"wp:featuredmedia":[{"embeddable":true,"href":"https:\/\/janroz.com.tr\/en\/wp-json\/wp\/v2\/media\/3353"}],"wp:attachment":[{"href":"https:\/\/janroz.com.tr\/en\/wp-json\/wp\/v2\/media?parent=3352"}],"wp:term":[{"taxonomy":"product_cat","embeddable":true,"href":"https:\/\/janroz.com.tr\/en\/wp-json\/wp\/v2\/product_cat?post=3352"},{"taxonomy":"product_tag","embeddable":true,"href":"https:\/\/janroz.com.tr\/en\/wp-json\/wp\/v2\/product_tag?post=3352"}],"curies":[{"name":"wp","href":"https:\/\/api.w.org\/{rel}","templated":true}]}}