{"id":3320,"date":"2023-07-22T17:23:31","date_gmt":"2023-07-22T17:23:31","guid":{"rendered":"https:\/\/janroz.com.tr\/?post_type=product&#038;p=3320"},"modified":"2025-04-03T23:07:42","modified_gmt":"2025-04-03T23:07:42","slug":"janroz-ozel-tasarim-gelinlik","status":"publish","type":"product","link":"https:\/\/janroz.com.tr\/en\/product\/janroz-ozel-tasarim-gelinlik\/","title":{"rendered":"Janroz \u00d6zel Tasar\u0131m Gelinlik"},"content":{"rendered":"<p>Janroz \u00d6zel Tasar\u0131m Gelinlik<\/p>\n<p>&nbsp;<\/p>","protected":false},"excerpt":{"rendered":"<p>Janroz \u00d6zel Tasar\u0131m Gelinlik &nbsp;<\/p>","protected":false},"featured_media":3321,"template":"","meta":{"inline_featured_image":false},"product_cat":[15,66,67],"product_tag":[],"class_list":["post-3320","product","type-product","status-publish","has-post-thumbnail","hentry","product_cat-magaza","product_cat-a-prenses","product_cat-prenses"],"jetpack_sharing_enabled":true,"_links":{"self":[{"href":"https:\/\/janroz.com.tr\/en\/wp-json\/wp\/v2\/product\/3320"}],"collection":[{"href":"https:\/\/janroz.com.tr\/en\/wp-json\/wp\/v2\/product"}],"about":[{"href":"https:\/\/janroz.com.tr\/en\/wp-json\/wp\/v2\/types\/product"}],"version-history":[{"count":1,"href":"https:\/\/janroz.com.tr\/en\/wp-json\/wp\/v2\/product\/3320\/revisions"}],"predecessor-version":[{"id":3324,"href":"https:\/\/janroz.com.tr\/en\/wp-json\/wp\/v2\/product\/3320\/revisions\/3324"}],"wp:featuredmedia":[{"embeddable":true,"href":"https:\/\/janroz.com.tr\/en\/wp-json\/wp\/v2\/media\/3321"}],"wp:attachment":[{"href":"https:\/\/janroz.com.tr\/en\/wp-json\/wp\/v2\/media?parent=3320"}],"wp:term":[{"taxonomy":"product_cat","embeddable":true,"href":"https:\/\/janroz.com.tr\/en\/wp-json\/wp\/v2\/product_cat?post=3320"},{"taxonomy":"product_tag","embeddable":true,"href":"https:\/\/janroz.com.tr\/en\/wp-json\/wp\/v2\/product_tag?post=3320"}],"curies":[{"name":"wp","href":"https:\/\/api.w.org\/{rel}","templated":true}]}}