{"id":383,"date":"2020-05-09T02:05:54","date_gmt":"2020-05-09T02:05:54","guid":{"rendered":"https:\/\/demo2wpopal.b-cdn.net\/bridey\/?page_id=383"},"modified":"2026-03-16T15:45:14","modified_gmt":"2026-03-16T15:45:14","slug":"magazalarimiz-2","status":"publish","type":"page","link":"https:\/\/janroz.com.tr\/en\/magazalarimiz-2\/","title":{"rendered":"Our Stores"},"content":{"rendered":"<div data-elementor-type=\"wp-page\" data-elementor-id=\"383\" class=\"elementor elementor-383\">\n\t\t\t\t\t\t<div class=\"elementor-inner\">\n\t\t\t\t<div class=\"elementor-section-wrap\">\n\t\t\t\t\t\t\t\t\t<section class=\"elementor-section elementor-top-section elementor-element elementor-element-510865c elementor-section-stretched elementor-reverse-mobile elementor-section-boxed elementor-section-height-default elementor-section-height-default\" data-id=\"510865c\" data-element_type=\"section\" data-settings=\"{&quot;stretch_section&quot;:&quot;section-stretched&quot;}\">\n\t\t\t\t\t\t<div class=\"elementor-container elementor-column-gap-no\">\n\t\t\t\t\t\t\t<div class=\"elementor-row\">\n\t\t\t\t\t<div class=\"elementor-column elementor-col-50 elementor-top-column elementor-element elementor-element-7781f6f\" data-id=\"7781f6f\" data-element_type=\"column\">\n\t\t\t<div class=\"elementor-column-wrap elementor-element-populated\">\n\t\t\t\t\t\t\t<div class=\"elementor-widget-wrap\">\n\t\t\t\t\t\t<div class=\"elementor-element elementor-element-41f748e elementor-teams-layout-social-left elementor-widget elementor-widget-bridey-team-box\" data-id=\"41f748e\" data-element_type=\"widget\" data-widget_type=\"bridey-team-box.default\">\n\t\t\t\t<div class=\"elementor-widget-container\">\n\t\t\t        <div class=\"elementor-teams-wrapper\">\n                    <div class=\"team-image\">\n            <img loading=\"lazy\" decoding=\"async\" width=\"1000\" height=\"1000\" src=\"https:\/\/janroz.com.tr\/wp-content\/uploads\/2025\/04\/Adsiz-1000-x-1000-piksel-2.png\" class=\"attachment-full size-full wp-image-4671\" alt=\"\" srcset=\"https:\/\/janroz.com.tr\/wp-content\/uploads\/2025\/04\/Adsiz-1000-x-1000-piksel-2.png 1000w, https:\/\/janroz.com.tr\/wp-content\/uploads\/2025\/04\/Adsiz-1000-x-1000-piksel-2-100x100.png 100w, https:\/\/janroz.com.tr\/wp-content\/uploads\/2025\/04\/Adsiz-1000-x-1000-piksel-2-800x800.png 800w, https:\/\/janroz.com.tr\/wp-content\/uploads\/2025\/04\/Adsiz-1000-x-1000-piksel-2-300x300.png 300w, https:\/\/janroz.com.tr\/wp-content\/uploads\/2025\/04\/Adsiz-1000-x-1000-piksel-2-150x150.png 150w, https:\/\/janroz.com.tr\/wp-content\/uploads\/2025\/04\/Adsiz-1000-x-1000-piksel-2-768x768.png 768w, https:\/\/janroz.com.tr\/wp-content\/uploads\/2025\/04\/Adsiz-1000-x-1000-piksel-2-12x12.png 12w, https:\/\/janroz.com.tr\/wp-content\/uploads\/2025\/04\/Adsiz-1000-x-1000-piksel-2-400x400.png 400w, https:\/\/janroz.com.tr\/wp-content\/uploads\/2025\/04\/Adsiz-1000-x-1000-piksel-2-50x50.png 50w\" sizes=\"(max-width: 1000px) 100vw, 1000px\" \/>            <div class=\"team-icon-socials\">\n                <ul>\n                                                                                                                                                                                                                    <\/ul>\n            <\/div>\n        <\/div>\n\n        <div class=\"team-name\">Janroz \u0130stanbul<\/div>\n        <div class=\"team-job\"><\/div>\n\n        <div class=\"team-description\">Bat\u0131 Mah. Dr.Orhan Maltepe Cad. No:31\/A\nPendik\/\u0130stanbul<\/div>\n                <\/div>\n        \t\t<\/div>\n\t\t\t\t<\/div>\n\t\t\t\t<div class=\"elementor-element elementor-element-7dd2ae8 elementor-widget elementor-widget-image\" data-id=\"7dd2ae8\" data-element_type=\"widget\" data-widget_type=\"image.default\">\n\t\t\t\t<div class=\"elementor-widget-container\">\n\t\t\t\t\t\t\t\t<div class=\"elementor-image\">\n\t\t\t\t\t\t\t\t\t\t\t\t<img loading=\"lazy\" decoding=\"async\" width=\"101\" height=\"29\" src=\"https:\/\/janroz.com.tr\/wp-content\/uploads\/2020\/05\/decor.png\" class=\"attachment-full size-full wp-image-270\" alt=\"\" \/>\t\t\t\t\t\t\t\t\t\t\t\t\t\t<\/div>\n\t\t\t\t\t\t<\/div>\n\t\t\t\t<\/div>\n\t\t\t\t<div class=\"elementor-element elementor-element-6dbcdef elementor-teams-layout-social-left elementor-widget elementor-widget-bridey-team-box\" data-id=\"6dbcdef\" data-element_type=\"widget\" data-widget_type=\"bridey-team-box.default\">\n\t\t\t\t<div class=\"elementor-widget-container\">\n\t\t\t        <div class=\"elementor-teams-wrapper\">\n                    <div class=\"team-image\">\n            <img loading=\"lazy\" decoding=\"async\" width=\"1000\" height=\"1000\" src=\"https:\/\/janroz.com.tr\/wp-content\/uploads\/2025\/04\/Adsiz-1000-x-1000-piksel.png\" class=\"attachment-full size-full wp-image-4673\" alt=\"\" srcset=\"https:\/\/janroz.com.tr\/wp-content\/uploads\/2025\/04\/Adsiz-1000-x-1000-piksel.png 1000w, https:\/\/janroz.com.tr\/wp-content\/uploads\/2025\/04\/Adsiz-1000-x-1000-piksel-100x100.png 100w, https:\/\/janroz.com.tr\/wp-content\/uploads\/2025\/04\/Adsiz-1000-x-1000-piksel-800x800.png 800w, https:\/\/janroz.com.tr\/wp-content\/uploads\/2025\/04\/Adsiz-1000-x-1000-piksel-300x300.png 300w, https:\/\/janroz.com.tr\/wp-content\/uploads\/2025\/04\/Adsiz-1000-x-1000-piksel-150x150.png 150w, https:\/\/janroz.com.tr\/wp-content\/uploads\/2025\/04\/Adsiz-1000-x-1000-piksel-768x768.png 768w, https:\/\/janroz.com.tr\/wp-content\/uploads\/2025\/04\/Adsiz-1000-x-1000-piksel-12x12.png 12w, https:\/\/janroz.com.tr\/wp-content\/uploads\/2025\/04\/Adsiz-1000-x-1000-piksel-400x400.png 400w, https:\/\/janroz.com.tr\/wp-content\/uploads\/2025\/04\/Adsiz-1000-x-1000-piksel-50x50.png 50w\" sizes=\"(max-width: 1000px) 100vw, 1000px\" \/>            <div class=\"team-icon-socials\">\n                <ul>\n                                                                                                                                                                                                                    <\/ul>\n            <\/div>\n        <\/div>\n\n        <div class=\"team-name\">Janroz Bursa<\/div>\n        <div class=\"team-job\"><\/div>\n\n        <div class=\"team-description\">\u015eehabettinpa\u015fa, Cemal Nadir Cd. 42\/A, 22200, 16050\nOsmangazi\/Bursa<\/div>\n                <\/div>\n        \t\t<\/div>\n\t\t\t\t<\/div>\n\t\t\t\t\t\t<\/div>\n\t\t\t\t\t<\/div>\n\t\t<\/div>\n\t\t\t\t<div class=\"elementor-column elementor-col-50 elementor-top-column elementor-element elementor-element-c32aa88\" data-id=\"c32aa88\" data-element_type=\"column\">\n\t\t\t<div class=\"elementor-column-wrap elementor-element-populated\">\n\t\t\t\t\t\t\t<div class=\"elementor-widget-wrap\">\n\t\t\t\t\t\t<div class=\"elementor-element elementor-element-c6a5faf elementor-teams-layout-social-left elementor-widget elementor-widget-bridey-team-box\" data-id=\"c6a5faf\" data-element_type=\"widget\" data-widget_type=\"bridey-team-box.default\">\n\t\t\t\t<div class=\"elementor-widget-container\">\n\t\t\t        <div class=\"elementor-teams-wrapper\">\n                    <div class=\"team-image\">\n            <img loading=\"lazy\" decoding=\"async\" width=\"1000\" height=\"1000\" src=\"https:\/\/janroz.com.tr\/wp-content\/uploads\/2025\/04\/Adsiz-1000-x-1000-piksel-3.png\" class=\"attachment-full size-full wp-image-4670\" alt=\"\" srcset=\"https:\/\/janroz.com.tr\/wp-content\/uploads\/2025\/04\/Adsiz-1000-x-1000-piksel-3.png 1000w, https:\/\/janroz.com.tr\/wp-content\/uploads\/2025\/04\/Adsiz-1000-x-1000-piksel-3-100x100.png 100w, https:\/\/janroz.com.tr\/wp-content\/uploads\/2025\/04\/Adsiz-1000-x-1000-piksel-3-800x800.png 800w, https:\/\/janroz.com.tr\/wp-content\/uploads\/2025\/04\/Adsiz-1000-x-1000-piksel-3-300x300.png 300w, https:\/\/janroz.com.tr\/wp-content\/uploads\/2025\/04\/Adsiz-1000-x-1000-piksel-3-150x150.png 150w, https:\/\/janroz.com.tr\/wp-content\/uploads\/2025\/04\/Adsiz-1000-x-1000-piksel-3-768x768.png 768w, https:\/\/janroz.com.tr\/wp-content\/uploads\/2025\/04\/Adsiz-1000-x-1000-piksel-3-12x12.png 12w, https:\/\/janroz.com.tr\/wp-content\/uploads\/2025\/04\/Adsiz-1000-x-1000-piksel-3-400x400.png 400w, https:\/\/janroz.com.tr\/wp-content\/uploads\/2025\/04\/Adsiz-1000-x-1000-piksel-3-50x50.png 50w\" sizes=\"(max-width: 1000px) 100vw, 1000px\" \/>            <div class=\"team-icon-socials\">\n                <ul>\n                                                                                                                                                                                                                    <\/ul>\n            <\/div>\n        <\/div>\n\n        <div class=\"team-name\">Janroz Izmir<\/div>\n        <div class=\"team-job\"><\/div>\n\n        <div class=\"team-description\">Akdeniz Mahallesi, Gazi Blv. No: 72, \u00c7ankaya, 35210\nKonak\/\u0130zmir<\/div>\n                <\/div>\n        \t\t<\/div>\n\t\t\t\t<\/div>\n\t\t\t\t<div class=\"elementor-element elementor-element-51d0898 elementor-widget elementor-widget-image\" data-id=\"51d0898\" data-element_type=\"widget\" data-widget_type=\"image.default\">\n\t\t\t\t<div class=\"elementor-widget-container\">\n\t\t\t\t\t\t\t\t<div class=\"elementor-image\">\n\t\t\t\t\t\t\t\t\t\t\t\t<img loading=\"lazy\" decoding=\"async\" width=\"101\" height=\"29\" src=\"https:\/\/janroz.com.tr\/wp-content\/uploads\/2020\/05\/decor.png\" class=\"attachment-full size-full wp-image-270\" alt=\"\" \/>\t\t\t\t\t\t\t\t\t\t\t\t\t\t<\/div>\n\t\t\t\t\t\t<\/div>\n\t\t\t\t<\/div>\n\t\t\t\t<div class=\"elementor-element elementor-element-459fad1 elementor-teams-layout-social-left elementor-widget elementor-widget-bridey-team-box\" data-id=\"459fad1\" data-element_type=\"widget\" data-widget_type=\"bridey-team-box.default\">\n\t\t\t\t<div class=\"elementor-widget-container\">\n\t\t\t        <div class=\"elementor-teams-wrapper\">\n                    <div class=\"team-image\">\n            <img loading=\"lazy\" decoding=\"async\" width=\"1000\" height=\"1000\" src=\"https:\/\/janroz.com.tr\/wp-content\/uploads\/2025\/04\/Adsiz-1000-x-1000-piksel-1.png\" class=\"attachment-full size-full wp-image-4672\" alt=\"\" srcset=\"https:\/\/janroz.com.tr\/wp-content\/uploads\/2025\/04\/Adsiz-1000-x-1000-piksel-1.png 1000w, https:\/\/janroz.com.tr\/wp-content\/uploads\/2025\/04\/Adsiz-1000-x-1000-piksel-1-100x100.png 100w, https:\/\/janroz.com.tr\/wp-content\/uploads\/2025\/04\/Adsiz-1000-x-1000-piksel-1-800x800.png 800w, https:\/\/janroz.com.tr\/wp-content\/uploads\/2025\/04\/Adsiz-1000-x-1000-piksel-1-300x300.png 300w, https:\/\/janroz.com.tr\/wp-content\/uploads\/2025\/04\/Adsiz-1000-x-1000-piksel-1-150x150.png 150w, https:\/\/janroz.com.tr\/wp-content\/uploads\/2025\/04\/Adsiz-1000-x-1000-piksel-1-768x768.png 768w, https:\/\/janroz.com.tr\/wp-content\/uploads\/2025\/04\/Adsiz-1000-x-1000-piksel-1-12x12.png 12w, https:\/\/janroz.com.tr\/wp-content\/uploads\/2025\/04\/Adsiz-1000-x-1000-piksel-1-400x400.png 400w, https:\/\/janroz.com.tr\/wp-content\/uploads\/2025\/04\/Adsiz-1000-x-1000-piksel-1-50x50.png 50w\" sizes=\"(max-width: 1000px) 100vw, 1000px\" \/>            <div class=\"team-icon-socials\">\n                <ul>\n                                                                                                                                                                                                                    <\/ul>\n            <\/div>\n        <\/div>\n\n        <div class=\"team-name\">Janroz Ankara<\/div>\n        <div class=\"team-job\"><\/div>\n\n        <div class=\"team-description\">Barbaros, Tunal\u0131 Hilmi Cd. no:77\/A, 06540\n\u00c7ankaya\/Ankara<\/div>\n                <\/div>\n        \t\t<\/div>\n\t\t\t\t<\/div>\n\t\t\t\t\t\t<\/div>\n\t\t\t\t\t<\/div>\n\t\t<\/div>\n\t\t\t\t\t\t\t\t<\/div>\n\t\t\t\t\t<\/div>\n\t\t<\/section>\n\t\t\t\t\t\t\t\t\t<\/div>\n\t\t\t<\/div>\n\t\t\t\t\t<\/div>","protected":false},"excerpt":{"rendered":"<p>Janroz \u0130stanbul Bat\u0131 Mah. Dr.Orhan Maltepe Cad. No:31\/A Pendik\/\u0130stanbul Janroz Bursa \u015eehabettinpa\u015fa, Cemal Nadir Cd. 42\/A, 22200, 16050 Osmangazi\/Bursa Janroz Izmir Akdeniz Mahallesi, Gazi Blv. No: 72, \u00c7ankaya, 35210 Konak\/\u0130zmir Janroz Ankara Barbaros, Tunal\u0131 Hilmi Cd. no:77\/A, 06540 \u00c7ankaya\/Ankara<\/p>","protected":false},"author":1,"featured_media":0,"parent":0,"menu_order":0,"comment_status":"closed","ping_status":"closed","template":"","meta":{"inline_featured_image":false,"footnotes":""},"class_list":["post-383","page","type-page","status-publish","hentry"],"jetpack_sharing_enabled":true,"_links":{"self":[{"href":"https:\/\/janroz.com.tr\/en\/wp-json\/wp\/v2\/pages\/383"}],"collection":[{"href":"https:\/\/janroz.com.tr\/en\/wp-json\/wp\/v2\/pages"}],"about":[{"href":"https:\/\/janroz.com.tr\/en\/wp-json\/wp\/v2\/types\/page"}],"author":[{"embeddable":true,"href":"https:\/\/janroz.com.tr\/en\/wp-json\/wp\/v2\/users\/1"}],"replies":[{"embeddable":true,"href":"https:\/\/janroz.com.tr\/en\/wp-json\/wp\/v2\/comments?post=383"}],"version-history":[{"count":11,"href":"https:\/\/janroz.com.tr\/en\/wp-json\/wp\/v2\/pages\/383\/revisions"}],"predecessor-version":[{"id":5072,"href":"https:\/\/janroz.com.tr\/en\/wp-json\/wp\/v2\/pages\/383\/revisions\/5072"}],"wp:attachment":[{"href":"https:\/\/janroz.com.tr\/en\/wp-json\/wp\/v2\/media?parent=383"}],"curies":[{"name":"wp","href":"https:\/\/api.w.org\/{rel}","templated":true}]}}